{"id":148,"date":"2020-01-03T17:37:29","date_gmt":"2020-01-03T17:37:29","guid":{"rendered":"http:\/\/duschi-pyrotechnics.at\/wordpress\/?page_id=148"},"modified":"2021-03-21T07:00:20","modified_gmt":"2021-03-21T07:00:20","slug":"package-silber","status":"publish","type":"page","link":"http:\/\/duschi-pyrotechnics.at\/wordpress\/?page_id=148","title":{"rendered":"Package Silber"},"content":{"rendered":"\n<ul><li>Brenndauer ca. 4 Minuten (ca. L\u00e4nge eines Musikst\u00fcckes)<\/li><li>Sicherheitsradius von Gegebenheiten des Abbrennplatzes abh\u00e4ngig (mindestens 125 Meter)<\/li><li>Choreographiertes, auf Ihre Wunschmusik abgestimmtes Feuerwerk <\/li><li>Lichterbilder nach Absprache und Aufpreis m\u00f6glich (siehe Extras) <\/li><li>Extra Finale nach Absprache und gegen Aufpreis m\u00f6glich (siehe Extras)<\/li><li><a href=\"http:\/\/duschi-pyrotechnics.at\/wordpress\/?page_id=263\"><strong><em>Service-Paket<\/em><\/strong><\/a> inbegriffen <\/li><\/ul>\n\n\n\n<p>Das &#8222;Package Silber&#8220; ist das Fortgeschrittenen-Feuerwerk, das auf Ihre Wunschmusik abgestimmt choreographiert wird. Dies umfasst ein Feuerwerk von circa 4 Minuten (in etwa die L\u00e4nge eines Musikst\u00fcckes) und gl\u00e4nzt mit verschiedenen Effekten passend zur Musik. <\/p>\n\n\n\n<h2>ab 1299 \u20ac <\/h2>\n","protected":false},"excerpt":{"rendered":"<p>Brenndauer ca. 4 Minuten (ca. L\u00e4nge eines Musikst\u00fcckes) Sicherheitsradius von Gegebenheiten des Abbrennplatzes abh\u00e4ngig (mindestens 125 Meter) Choreographiertes, auf Ihre&hellip;<\/p>\n","protected":false},"author":1,"featured_media":0,"parent":0,"menu_order":0,"comment_status":"closed","ping_status":"closed","template":"","meta":[],"_links":{"self":[{"href":"http:\/\/duschi-pyrotechnics.at\/wordpress\/index.php?rest_route=\/wp\/v2\/pages\/148"}],"collection":[{"href":"http:\/\/duschi-pyrotechnics.at\/wordpress\/index.php?rest_route=\/wp\/v2\/pages"}],"about":[{"href":"http:\/\/duschi-pyrotechnics.at\/wordpress\/index.php?rest_route=\/wp\/v2\/types\/page"}],"author":[{"embeddable":true,"href":"http:\/\/duschi-pyrotechnics.at\/wordpress\/index.php?rest_route=\/wp\/v2\/users\/1"}],"replies":[{"embeddable":true,"href":"http:\/\/duschi-pyrotechnics.at\/wordpress\/index.php?rest_route=%2Fwp%2Fv2%2Fcomments&post=148"}],"version-history":[{"count":7,"href":"http:\/\/duschi-pyrotechnics.at\/wordpress\/index.php?rest_route=\/wp\/v2\/pages\/148\/revisions"}],"predecessor-version":[{"id":314,"href":"http:\/\/duschi-pyrotechnics.at\/wordpress\/index.php?rest_route=\/wp\/v2\/pages\/148\/revisions\/314"}],"wp:attachment":[{"href":"http:\/\/duschi-pyrotechnics.at\/wordpress\/index.php?rest_route=%2Fwp%2Fv2%2Fmedia&parent=148"}],"curies":[{"name":"wp","href":"https:\/\/api.w.org\/{rel}","templated":true}]}}