{"id":152,"date":"2020-01-03T17:45:09","date_gmt":"2020-01-03T17:45:09","guid":{"rendered":"http:\/\/duschi-pyrotechnics.at\/wordpress\/?page_id=152"},"modified":"2021-03-21T07:00:44","modified_gmt":"2021-03-21T07:00:44","slug":"package-gold","status":"publish","type":"page","link":"http:\/\/duschi-pyrotechnics.at\/wordpress\/?page_id=152","title":{"rendered":"Package Gold"},"content":{"rendered":"\n<ul><li>Brenndauer ca. 6 &#8211; 7 Minuten (ca. L\u00e4nge von 2 Musikst\u00fccken)<\/li><li>Sicherheitsradius von Gegebenheiten des Abbrennplatzes abh\u00e4ngig (mindestens 125 Meter)<\/li><li>Choreographiertes auf Ihre Wunschmusik abgestimmtes Feuerwerk <\/li><li>Lichterbild nach Absprache und gegen Aufpreis m\u00f6glich (siehe Extras)<\/li><li>Extra Finale nach Absprache und gegen Aufpreis m\u00f6glich (siehe Extras)<\/li><li><a href=\"http:\/\/duschi-pyrotechnics.at\/wordpress\/?page_id=263\"><em><strong>Service-Paket<\/strong><\/em><\/a> inbegriffen <\/li><\/ul>\n\n\n\n<p>Das &#8222;Package Gold&#8220; ist das Profi-Feuerwerk, das auf Ihre Wunschmusik abgestimmt choreographiert wird. Dies umfasst eine Brenndauer von ca. 6 &#8211; 7 Minuten (in etwa die L\u00e4nge von 2 Musikst\u00fccken) und gl\u00e4nzt mit verschiedenen Effekten passend zur Musik. <\/p>\n\n\n\n<h2>ab 2199 \u20ac<\/h2>\n","protected":false},"excerpt":{"rendered":"<p>Brenndauer ca. 6 &#8211; 7 Minuten (ca. L\u00e4nge von 2 Musikst\u00fccken) Sicherheitsradius von Gegebenheiten des Abbrennplatzes abh\u00e4ngig (mindestens 125 Meter)&hellip;<\/p>\n","protected":false},"author":1,"featured_media":0,"parent":0,"menu_order":0,"comment_status":"closed","ping_status":"closed","template":"","meta":[],"_links":{"self":[{"href":"http:\/\/duschi-pyrotechnics.at\/wordpress\/index.php?rest_route=\/wp\/v2\/pages\/152"}],"collection":[{"href":"http:\/\/duschi-pyrotechnics.at\/wordpress\/index.php?rest_route=\/wp\/v2\/pages"}],"about":[{"href":"http:\/\/duschi-pyrotechnics.at\/wordpress\/index.php?rest_route=\/wp\/v2\/types\/page"}],"author":[{"embeddable":true,"href":"http:\/\/duschi-pyrotechnics.at\/wordpress\/index.php?rest_route=\/wp\/v2\/users\/1"}],"replies":[{"embeddable":true,"href":"http:\/\/duschi-pyrotechnics.at\/wordpress\/index.php?rest_route=%2Fwp%2Fv2%2Fcomments&post=152"}],"version-history":[{"count":5,"href":"http:\/\/duschi-pyrotechnics.at\/wordpress\/index.php?rest_route=\/wp\/v2\/pages\/152\/revisions"}],"predecessor-version":[{"id":293,"href":"http:\/\/duschi-pyrotechnics.at\/wordpress\/index.php?rest_route=\/wp\/v2\/pages\/152\/revisions\/293"}],"wp:attachment":[{"href":"http:\/\/duschi-pyrotechnics.at\/wordpress\/index.php?rest_route=%2Fwp%2Fv2%2Fmedia&parent=152"}],"curies":[{"name":"wp","href":"https:\/\/api.w.org\/{rel}","templated":true}]}}