{"id":11,"date":"2019-10-19T20:10:18","date_gmt":"2019-10-19T20:10:18","guid":{"rendered":"http:\/\/duschi-pyrotechnics.at\/wordpress\/?page_id=11"},"modified":"2020-01-04T20:31:07","modified_gmt":"2020-01-04T20:31:07","slug":"service","status":"publish","type":"page","link":"https:\/\/duschi-pyrotechnics.at\/wordpress\/?page_id=11","title":{"rendered":"Service"},"content":{"rendered":"\n<h2>Die Buchung<\/h2>\n\n\n\n<p>Buchen Sie ihr Feuerwerk ganz einfach telefonisch oder mittels E-Mail Anfrage. <\/p>\n\n\n\n<h2>Die Vorbereitung<\/h2>\n\n\n\n<p>Die Vorbereitungen \u00fcbernehmen wir vollst\u00e4ndig. Wir k\u00fcmmern uns um alle Genehmigungen, sprechen uns mit der Location ab und treffen alle Vorkehrungen. Sollten Sie w\u00e4hrend der Vorbereitungszeit Fragen oder Anliegen haben, haben wir immer ein offenes Ohr f\u00fcr Sie und geben auf Wunsch auch regelm\u00e4\u00dfige Updates zum derzeitigen Vorbereitungsstand. <\/p>\n\n\n\n<h2>Der Abschuss<\/h2>\n\n\n\n<p>Am Tag des Abschusses werden wir p\u00fcnktlich am Abschussort eintreffen und den Aufbau, sowie den anschlie\u00dfenden Abbau selbstst\u00e4ndig durchf\u00fchren. Das Feuerwerk wird zur vereinbarten Zeit gez\u00fcndet. Sollten sich vor Ort Fragen ergeben, stehen wir nat\u00fcrlich zur Verf\u00fcgung. <\/p>\n","protected":false},"excerpt":{"rendered":"<p>Die Buchung Buchen Sie ihr Feuerwerk ganz einfach telefonisch oder mittels E-Mail Anfrage. Die Vorbereitung Die Vorbereitungen \u00fcbernehmen wir vollst\u00e4ndig.&hellip;<\/p>\n","protected":false},"author":1,"featured_media":0,"parent":0,"menu_order":0,"comment_status":"closed","ping_status":"closed","template":"","meta":[],"_links":{"self":[{"href":"https:\/\/duschi-pyrotechnics.at\/wordpress\/index.php?rest_route=\/wp\/v2\/pages\/11"}],"collection":[{"href":"https:\/\/duschi-pyrotechnics.at\/wordpress\/index.php?rest_route=\/wp\/v2\/pages"}],"about":[{"href":"https:\/\/duschi-pyrotechnics.at\/wordpress\/index.php?rest_route=\/wp\/v2\/types\/page"}],"author":[{"embeddable":true,"href":"https:\/\/duschi-pyrotechnics.at\/wordpress\/index.php?rest_route=\/wp\/v2\/users\/1"}],"replies":[{"embeddable":true,"href":"https:\/\/duschi-pyrotechnics.at\/wordpress\/index.php?rest_route=%2Fwp%2Fv2%2Fcomments&post=11"}],"version-history":[{"count":2,"href":"https:\/\/duschi-pyrotechnics.at\/wordpress\/index.php?rest_route=\/wp\/v2\/pages\/11\/revisions"}],"predecessor-version":[{"id":25,"href":"https:\/\/duschi-pyrotechnics.at\/wordpress\/index.php?rest_route=\/wp\/v2\/pages\/11\/revisions\/25"}],"wp:attachment":[{"href":"https:\/\/duschi-pyrotechnics.at\/wordpress\/index.php?rest_route=%2Fwp%2Fv2%2Fmedia&parent=11"}],"curies":[{"name":"wp","href":"https:\/\/api.w.org\/{rel}","templated":true}]}}