{"id":275,"date":"2020-01-05T21:19:36","date_gmt":"2020-01-05T21:19:36","guid":{"rendered":"http:\/\/duschi-pyrotechnics.at\/wordpress\/?page_id=275"},"modified":"2020-01-12T17:12:49","modified_gmt":"2020-01-12T17:12:49","slug":"impressum","status":"publish","type":"page","link":"https:\/\/duschi-pyrotechnics.at\/wordpress\/?page_id=275","title":{"rendered":"Impressum"},"content":{"rendered":"\n<p>Informationspflicht laut \u00a75 E-Commerce Gesetz, \u00a714 Unternehmensgesetzbuch, \u00a763 Gewerbeordnung und Offenlegungspflicht laut \u00a725 Mediengesetz.<\/p>\n\n\n\n<p>Duschi Pyrotechnics<br>Severin Duschlbauer<br>Zulissen 18, <br>4261 Rainbach i.M., <br>\u00d6sterreich<\/p>\n\n\n\n<p><strong>Unternehmensgegenstand:<\/strong> Aufstellen und Abbrennen von Feuerwerken f\u00fcr Dritte<br><\/p>\n\n\n\n<p> <strong>Tel.:<\/strong>  0664 4671961<br> <strong>E-Mail:<\/strong> <a href=\"mailto:office@duschi-pyrotechnics.at\">office@duschi-pyrotechnics.at<\/a> <\/p>\n\n\n\n<p> <strong>Mitglied bei:<\/strong> WK\u00d6\/WKO\u00d6; Fachgruppe: Freizeit und Sport <br> <strong>Berufs- und Gewerbeordnung:<\/strong>  www.ris.bka.gv.at <\/p>\n\n\n\n<p>\n<strong>Aufsichtsbeh\u00f6rde\/Gewerbebeh\u00f6rde:<\/strong> Bezirkshauptmannschaft Freistadt<br>\n<strong>Berufsbezeichnung:<\/strong> Pyrotechniker<br>\n<strong>Verleihungsstaat:<\/strong> \u00d6sterreich<\/p>\n\n\n\n<p>Quelle: Erstellt&nbsp;mit dem <a href=\"https:\/\/www.firmenwebseiten.at\/impressum-generator\/\" target=\"_blank\" rel=\"noreferrer noopener\">Impressum Generator von firmenwebseiten.at<\/a>&nbsp; <\/p>\n\n\n\n<h2>EU-Streitschlichtung<\/h2>\n\n\n\n<p>Gem\u00e4\u00df Verordnung \u00fcber Online-Streitbeilegung in Verbraucherangelegenheiten (ODR-Verordnung) m\u00f6chten wir Sie \u00fcber die Online-Streitbeilegungsplattform (OS-Plattform) informieren.<br>\nVerbraucher haben die M\u00f6glichkeit, Beschwerden an die Online Streitbeilegungsplattform der Europ\u00e4ischen Kommission unter <a href=\"https:\/\/ec.europa.eu\/consumers\/odr\/main\/index.cfm?event=main.home2.show&amp;lng=DE\" target=\"_blank\" rel=\"noreferrer noopener\">http:\/\/ec.europa.eu\/odr?tid=221111817<\/a> zu richten. Die daf\u00fcr notwendigen Kontaktdaten finden Sie oberhalb in unserem Impressum.<\/p>\n\n\n\n<p>Wir m\u00f6chten Sie jedoch darauf hinweisen, dass wir nicht bereit oder verpflichtet sind, an Streitbeilegungsverfahren vor einer Verbraucherschlichtungsstelle teilzunehmen.<\/p>\n\n\n\n<h2>Haftung f\u00fcr Inhalte dieser Webseite<\/h2>\n\n\n\n<p>Wir entwickeln die Inhalte dieser Webseite st\u00e4ndig weiter und bem\u00fchen uns korrekte und aktuelle Informationen bereitzustellen. Leider k\u00f6nnen wir keine Haftung f\u00fcr die Korrektheit aller Inhalte auf dieser Webseite \u00fcbernehmen, speziell f\u00fcr jene die seitens Dritter bereitgestellt wurden.<\/p>\n\n\n\n<p>Sollten Ihnen problematische oder rechtswidrige Inhalte auffallen, bitten wir Sie uns umgehend zu kontaktieren, Sie finden die Kontaktdaten im Impressum.<\/p>\n\n\n\n<h2>Haftung f\u00fcr Links auf dieser Webseite<\/h2>\n\n\n\n<p>Unsere Webseite enth\u00e4lt Links zu anderen Webseiten f\u00fcr deren Inhalt wir nicht verantwortlich sind. Haftung f\u00fcr verlinkte Websites besteht laut <a href=\"https:\/\/www.ris.bka.gv.at\/Dokument.wxe?Abfrage=Bundesnormen&amp;Dokumentnummer=NOR40025813&amp;tid=221111817\" target=\"_blank\" rel=\"noreferrer noopener\">\u00a7 17 ECG<\/a> f\u00fcr uns nicht, da wir keine Kenntnis rechtswidriger T\u00e4tigkeiten hatten und haben, uns solche Rechtswidrigkeiten auch bisher nicht aufgefallen sind und wir Links sofort entfernen w\u00fcrden, wenn uns Rechtswidrigkeiten bekannt werden.<\/p>\n\n\n\n<p>Wenn Ihnen rechtswidrige Links auf unserer Website auffallen, bitten wir Sie uns zu kontaktieren, Sie finden die Kontaktdaten im Impressum.<\/p>\n\n\n\n<h2>Urheberrechtshinweis<\/h2>\n\n\n\n<p>Alle Inhalte dieser Webseite (Bilder, Fotos, Texte, Videos) unterliegen dem Urheberrecht. Falls notwendig, werden wir die unerlaubte Nutzung von Teilen der Inhalte unserer Seite rechtlich verfolgen.<\/p>\n\n\n\n<h2>Bildernachweis<\/h2>\n\n\n\n<p>Die Bilder, Fotos und Grafiken auf dieser Webseite sind urheberrechtlich gesch\u00fctzt.<\/p>\n\n\n\n<p>Die Bilderrechte liegen bei den folgenden Fotografen und Unternehmen:<\/p>\n\n\n\n<ul><li>Duschi Pyrotechnics<\/li><li>Severin Duschlbauer (Fotograf) <\/li><li>Melissa Huber (Fotograf)<\/li><\/ul>\n\n\n\n<p>Quelle: Erstellt&nbsp;mit dem <a href=\"https:\/\/www.firmenwebseiten.at\/impressum-generator\/\" target=\"_blank\" rel=\"noreferrer noopener\">Impressum Generator von firmenwebseiten.at<\/a>&nbsp; <\/p>\n","protected":false},"excerpt":{"rendered":"<p>Informationspflicht laut \u00a75 E-Commerce Gesetz, \u00a714 Unternehmensgesetzbuch, \u00a763 Gewerbeordnung und Offenlegungspflicht laut \u00a725 Mediengesetz. Duschi PyrotechnicsSeverin DuschlbauerZulissen 18, 4261 Rainbach&hellip;<\/p>\n","protected":false},"author":1,"featured_media":0,"parent":0,"menu_order":0,"comment_status":"closed","ping_status":"closed","template":"","meta":[],"_links":{"self":[{"href":"https:\/\/duschi-pyrotechnics.at\/wordpress\/index.php?rest_route=\/wp\/v2\/pages\/275"}],"collection":[{"href":"https:\/\/duschi-pyrotechnics.at\/wordpress\/index.php?rest_route=\/wp\/v2\/pages"}],"about":[{"href":"https:\/\/duschi-pyrotechnics.at\/wordpress\/index.php?rest_route=\/wp\/v2\/types\/page"}],"author":[{"embeddable":true,"href":"https:\/\/duschi-pyrotechnics.at\/wordpress\/index.php?rest_route=\/wp\/v2\/users\/1"}],"replies":[{"embeddable":true,"href":"https:\/\/duschi-pyrotechnics.at\/wordpress\/index.php?rest_route=%2Fwp%2Fv2%2Fcomments&post=275"}],"version-history":[{"count":5,"href":"https:\/\/duschi-pyrotechnics.at\/wordpress\/index.php?rest_route=\/wp\/v2\/pages\/275\/revisions"}],"predecessor-version":[{"id":300,"href":"https:\/\/duschi-pyrotechnics.at\/wordpress\/index.php?rest_route=\/wp\/v2\/pages\/275\/revisions\/300"}],"wp:attachment":[{"href":"https:\/\/duschi-pyrotechnics.at\/wordpress\/index.php?rest_route=%2Fwp%2Fv2%2Fmedia&parent=275"}],"curies":[{"name":"wp","href":"https:\/\/api.w.org\/{rel}","templated":true}]}}