{"id":8,"date":"2019-10-19T20:10:18","date_gmt":"2019-10-19T20:10:18","guid":{"rendered":"http:\/\/duschi-pyrotechnics.at\/wordpress\/?page_id=8"},"modified":"2019-10-22T16:36:28","modified_gmt":"2019-10-22T16:36:28","slug":"ueber-uns","status":"publish","type":"page","link":"https:\/\/duschi-pyrotechnics.at\/wordpress\/?page_id=8","title":{"rendered":"\u00dcber uns"},"content":{"rendered":"\n<p>Duschi Pyrotechnics ist ein ober\u00f6sterreichisches Pyrotechnik-Unternehmen aus Rainbach im M\u00fchlkreis, das  auf pyrotechnische Dienstleitungen spezialisiert ist. Das Unternehmen wurde 2018 gegr\u00fcndet.<\/p>\n\n\n\n<p>Inhaber von Duschi Pyrotechnics ist der staatlich gepr\u00fcfte Pyrotechniker Severin Duschlbauer aus Rainbach im M\u00fchlkreis. Die Lizenz bef\u00e4higt zum Abbrennen von Feuerwerken aller Klassen (F1-F4). <\/p>\n\n\n\n<p>Z\u00f6gern Sie nicht uns zu kontaktieren &#8211; wir freuen uns \u00fcber Ihre Anfrage und die gemeinsame Planung Ihres Feuerwerks! <\/p>\n","protected":false},"excerpt":{"rendered":"<p>Duschi Pyrotechnics ist ein ober\u00f6sterreichisches Pyrotechnik-Unternehmen aus Rainbach im M\u00fchlkreis, das auf pyrotechnische Dienstleitungen spezialisiert ist. Das Unternehmen wurde 2018&hellip;<\/p>\n","protected":false},"author":1,"featured_media":0,"parent":0,"menu_order":0,"comment_status":"closed","ping_status":"closed","template":"","meta":[],"_links":{"self":[{"href":"https:\/\/duschi-pyrotechnics.at\/wordpress\/index.php?rest_route=\/wp\/v2\/pages\/8"}],"collection":[{"href":"https:\/\/duschi-pyrotechnics.at\/wordpress\/index.php?rest_route=\/wp\/v2\/pages"}],"about":[{"href":"https:\/\/duschi-pyrotechnics.at\/wordpress\/index.php?rest_route=\/wp\/v2\/types\/page"}],"author":[{"embeddable":true,"href":"https:\/\/duschi-pyrotechnics.at\/wordpress\/index.php?rest_route=\/wp\/v2\/users\/1"}],"replies":[{"embeddable":true,"href":"https:\/\/duschi-pyrotechnics.at\/wordpress\/index.php?rest_route=%2Fwp%2Fv2%2Fcomments&post=8"}],"version-history":[{"count":3,"href":"https:\/\/duschi-pyrotechnics.at\/wordpress\/index.php?rest_route=\/wp\/v2\/pages\/8\/revisions"}],"predecessor-version":[{"id":58,"href":"https:\/\/duschi-pyrotechnics.at\/wordpress\/index.php?rest_route=\/wp\/v2\/pages\/8\/revisions\/58"}],"wp:attachment":[{"href":"https:\/\/duschi-pyrotechnics.at\/wordpress\/index.php?rest_route=%2Fwp%2Fv2%2Fmedia&parent=8"}],"curies":[{"name":"wp","href":"https:\/\/api.w.org\/{rel}","templated":true}]}}